{"id":177,"date":"2022-04-28T11:03:25","date_gmt":"2022-04-28T11:03:25","guid":{"rendered":"http:\/\/d1337705-138581.blacknighthosting.com\/rathbarry-dev.com\/?page_id=177"},"modified":"2025-12-18T11:08:23","modified_gmt":"2025-12-18T11:08:23","slug":"home","status":"publish","type":"page","link":"https:\/\/rathbarrystud.com\/","title":{"rendered":"Home"},"content":{"rendered":"\t\t<div data-elementor-type=\"wp-page\" data-elementor-id=\"177\" class=\"elementor elementor-177\">\n\t\t\t\t\t\t<div class=\"elementor-inner\">\n\t\t\t\t<div class=\"elementor-section-wrap\">\n\t\t\t\t\t\t\t\t\t<section class=\"elementor-section elementor-top-section elementor-element elementor-element-3d3e88b elementor-section-full_width elementor-section-stretched elementor-section-height-default elementor-section-height-default\" data-id=\"3d3e88b\" data-element_type=\"section\" data-settings=\"{&quot;stretch_section&quot;:&quot;section-stretched&quot;}\">\n\t\t\t\t\t\t<div class=\"elementor-container elementor-column-gap-default\">\n\t\t\t\t\t\t\t<div class=\"elementor-row\">\n\t\t\t\t\t<div class=\"elementor-column elementor-col-100 elementor-top-column elementor-element elementor-element-9858610\" data-id=\"9858610\" data-element_type=\"column\">\n\t\t\t<div class=\"elementor-column-wrap elementor-element-populated\">\n\t\t\t\t\t\t\t<div class=\"elementor-widget-wrap\">\n\t\t\t\t\t\t<div class=\"elementor-element elementor-element-0f963af elementor-widget elementor-widget-image\" data-id=\"0f963af\" data-element_type=\"widget\" data-widget_type=\"image.default\">\n\t\t\t\t<div class=\"elementor-widget-container\">\n\t\t\t\t\t\t\t\t<div class=\"elementor-image\">\n\t\t\t\t\t\t\t\t\t\t\t\t<img decoding=\"async\" src=\"https:\/\/rathbarrystud.com\/wp-content\/uploads\/elementor\/thumbs\/home-banner-1-pykfo94m5ilkr8rzsj9a5mgta7nlbigpazy76j2f22.jpg\" title=\"home banner\" alt=\"home banner\" \/>\t\t\t\t\t\t\t\t\t\t\t\t\t\t<\/div>\n\t\t\t\t\t\t<\/div>\n\t\t\t\t<\/div>\n\t\t\t\t\t\t<\/div>\n\t\t\t\t\t<\/div>\n\t\t<\/div>\n\t\t\t\t\t\t\t\t<\/div>\n\t\t\t\t\t<\/div>\n\t\t<\/section>\n\t\t\t\t<section class=\"elementor-section elementor-top-section elementor-element elementor-element-b0a79d7 elementor-section-boxed elementor-section-height-default elementor-section-height-default\" data-id=\"b0a79d7\" data-element_type=\"section\">\n\t\t\t\t\t\t<div class=\"elementor-container elementor-column-gap-default\">\n\t\t\t\t\t\t\t<div class=\"elementor-row\">\n\t\t\t\t\t<div class=\"elementor-column elementor-col-100 elementor-top-column elementor-element elementor-element-8fd005d\" data-id=\"8fd005d\" data-element_type=\"column\">\n\t\t\t<div class=\"elementor-column-wrap elementor-element-populated\">\n\t\t\t\t\t\t\t<div class=\"elementor-widget-wrap\">\n\t\t\t\t\t\t<div class=\"elementor-element elementor-element-f9179e6 elementor-widget elementor-widget-heading\" data-id=\"f9179e6\" data-element_type=\"widget\" data-widget_type=\"heading.default\">\n\t\t\t\t<div class=\"elementor-widget-container\">\n\t\t\t<h2 class=\"elementor-heading-title elementor-size-default\">C\u00e9ad M\u00edle F\u00e1ilte<\/h2>\t\t<\/div>\n\t\t\t\t<\/div>\n\t\t\t\t<div class=\"elementor-element elementor-element-278e45b elementor-widget elementor-widget-text-editor\" data-id=\"278e45b\" data-element_type=\"widget\" data-widget_type=\"text-editor.default\">\n\t\t\t\t<div class=\"elementor-widget-container\">\n\t\t\t\t\t\t\t\t<div class=\"elementor-text-editor elementor-clearfix\">\n\t\t\t\t<p style=\"text-align: center;\">A hundred thousand welcomes to Rathbarry Stud<br \/>Situated in the depths of the rich limestone land of Co.Cork, Ireland, our stud has progressed steadily<br \/>in its 75 year history since Paul Cashman, father of Liam Cashman and grandfather of the present<br \/>Paul Cashman and Niamh Woods, stood his first stallion ROYAL POM in the 1930\u2019s.<\/p><p style=\"text-align: center;\">Today Rathbarry is a leader in the world of bloodstock breeding with mares visiting our stallions from<br \/>almost every corner of the globe under the ownership and management of the Cashman family.<\/p>\t\t\t\t\t<\/div>\n\t\t\t\t\t\t<\/div>\n\t\t\t\t<\/div>\n\t\t\t\t\t\t<\/div>\n\t\t\t\t\t<\/div>\n\t\t<\/div>\n\t\t\t\t\t\t\t\t<\/div>\n\t\t\t\t\t<\/div>\n\t\t<\/section>\n\t\t\t\t<section class=\"elementor-section elementor-top-section elementor-element elementor-element-241aa5d elementor-section-boxed elementor-section-height-default elementor-section-height-default\" data-id=\"241aa5d\" data-element_type=\"section\">\n\t\t\t\t\t\t<div class=\"elementor-container elementor-column-gap-default\">\n\t\t\t\t\t\t\t<div class=\"elementor-row\">\n\t\t\t\t\t<div class=\"elementor-column elementor-col-33 elementor-top-column elementor-element elementor-element-e3934ba\" data-id=\"e3934ba\" data-element_type=\"column\">\n\t\t\t<div class=\"elementor-column-wrap elementor-element-populated\">\n\t\t\t\t\t\t\t<div class=\"elementor-widget-wrap\">\n\t\t\t\t\t\t<div class=\"elementor-element elementor-element-d5468ec elementor-widget elementor-widget-image\" data-id=\"d5468ec\" data-element_type=\"widget\" data-widget_type=\"image.default\">\n\t\t\t\t<div class=\"elementor-widget-container\">\n\t\t\t\t\t\t\t\t<div class=\"elementor-image\">\n\t\t\t\t\t\t\t\t\t\t\t\t\t<a href=\"http:\/\/www.rathbarrystud.com\/?page_id=3752\">\n\t\t\t\t\t\t\t<img loading=\"lazy\" decoding=\"async\" width=\"800\" height=\"578\" src=\"https:\/\/rathbarrystud.com\/wp-content\/uploads\/2022\/05\/flat-stallions-link.jpg\" class=\"attachment-full size-full\" alt=\"\" srcset=\"https:\/\/rathbarrystud.com\/wp-content\/uploads\/2022\/05\/flat-stallions-link.jpg 800w, https:\/\/rathbarrystud.com\/wp-content\/uploads\/2022\/05\/flat-stallions-link-300x217.jpg 300w, https:\/\/rathbarrystud.com\/wp-content\/uploads\/2022\/05\/flat-stallions-link-768x555.jpg 768w\" sizes=\"auto, (max-width: 800px) 100vw, 800px\" \/>\t\t\t\t\t\t\t\t<\/a>\n\t\t\t\t\t\t\t\t\t\t\t\t\t\t<\/div>\n\t\t\t\t\t\t<\/div>\n\t\t\t\t<\/div>\n\t\t\t\t<div class=\"elementor-element elementor-element-e6b814d elementor-widget elementor-widget-heading\" data-id=\"e6b814d\" data-element_type=\"widget\" data-widget_type=\"heading.default\">\n\t\t\t\t<div class=\"elementor-widget-container\">\n\t\t\t<h2 class=\"elementor-heading-title elementor-size-default\"><a href=\"http:\/\/d1337705-138581.blacknighthosting.com\/rathbarry-dev.com\/stallions\/flat-stallions\/\">FLAT STALLIONS<\/a><\/h2>\t\t<\/div>\n\t\t\t\t<\/div>\n\t\t\t\t\t\t<\/div>\n\t\t\t\t\t<\/div>\n\t\t<\/div>\n\t\t\t\t<div class=\"elementor-column elementor-col-33 elementor-top-column elementor-element elementor-element-942350a\" data-id=\"942350a\" data-element_type=\"column\">\n\t\t\t<div class=\"elementor-column-wrap elementor-element-populated\">\n\t\t\t\t\t\t\t<div class=\"elementor-widget-wrap\">\n\t\t\t\t\t\t<div class=\"elementor-element elementor-element-ed255bd elementor-widget elementor-widget-image\" data-id=\"ed255bd\" data-element_type=\"widget\" data-widget_type=\"image.default\">\n\t\t\t\t<div class=\"elementor-widget-container\">\n\t\t\t\t\t\t\t\t<div class=\"elementor-image\">\n\t\t\t\t\t\t\t\t\t\t\t\t\t<a href=\"http:\/\/www.rathbarrystud.com\/?page_id=3758\">\n\t\t\t\t\t\t\t<img loading=\"lazy\" decoding=\"async\" width=\"800\" height=\"578\" src=\"https:\/\/rathbarrystud.com\/wp-content\/uploads\/2025\/12\/New-NH-stallion-link.jpg\" class=\"attachment-full size-full\" alt=\"\" srcset=\"https:\/\/rathbarrystud.com\/wp-content\/uploads\/2025\/12\/New-NH-stallion-link.jpg 800w, https:\/\/rathbarrystud.com\/wp-content\/uploads\/2025\/12\/New-NH-stallion-link-300x217.jpg 300w, https:\/\/rathbarrystud.com\/wp-content\/uploads\/2025\/12\/New-NH-stallion-link-768x555.jpg 768w\" sizes=\"auto, (max-width: 800px) 100vw, 800px\" \/>\t\t\t\t\t\t\t\t<\/a>\n\t\t\t\t\t\t\t\t\t\t\t\t\t\t<\/div>\n\t\t\t\t\t\t<\/div>\n\t\t\t\t<\/div>\n\t\t\t\t<div class=\"elementor-element elementor-element-d7c005c elementor-widget elementor-widget-heading\" data-id=\"d7c005c\" data-element_type=\"widget\" data-widget_type=\"heading.default\">\n\t\t\t\t<div class=\"elementor-widget-container\">\n\t\t\t<h2 class=\"elementor-heading-title elementor-size-default\"><a href=\"http:\/\/d1337705-138581.blacknighthosting.com\/rathbarry-dev.com\/stallions\/national-hunt-stallions\/\">NATIONAL HUNT STALLIONS<\/a><\/h2>\t\t<\/div>\n\t\t\t\t<\/div>\n\t\t\t\t\t\t<\/div>\n\t\t\t\t\t<\/div>\n\t\t<\/div>\n\t\t\t\t<div class=\"elementor-column elementor-col-33 elementor-top-column elementor-element elementor-element-2ce0849\" data-id=\"2ce0849\" data-element_type=\"column\">\n\t\t\t<div class=\"elementor-column-wrap elementor-element-populated\">\n\t\t\t\t\t\t\t<div class=\"elementor-widget-wrap\">\n\t\t\t\t\t\t<div class=\"elementor-element elementor-element-2af3294 elementor-widget elementor-widget-image\" data-id=\"2af3294\" data-element_type=\"widget\" data-widget_type=\"image.default\">\n\t\t\t\t<div class=\"elementor-widget-container\">\n\t\t\t\t\t\t\t\t<div class=\"elementor-image\">\n\t\t\t\t\t\t\t\t\t\t\t\t\t<a href=\"http:\/\/www.rathbarrystud.com\/?page_id=3653\">\n\t\t\t\t\t\t\t<img loading=\"lazy\" decoding=\"async\" width=\"1440\" height=\"1040\" src=\"https:\/\/rathbarrystud.com\/wp-content\/uploads\/2025\/12\/docs-26-button.jpg\" class=\"attachment-full size-full\" alt=\"\" srcset=\"https:\/\/rathbarrystud.com\/wp-content\/uploads\/2025\/12\/docs-26-button.jpg 1440w, https:\/\/rathbarrystud.com\/wp-content\/uploads\/2025\/12\/docs-26-button-300x217.jpg 300w, https:\/\/rathbarrystud.com\/wp-content\/uploads\/2025\/12\/docs-26-button-1024x740.jpg 1024w, https:\/\/rathbarrystud.com\/wp-content\/uploads\/2025\/12\/docs-26-button-768x555.jpg 768w\" sizes=\"auto, (max-width: 1440px) 100vw, 1440px\" \/>\t\t\t\t\t\t\t\t<\/a>\n\t\t\t\t\t\t\t\t\t\t\t\t\t\t<\/div>\n\t\t\t\t\t\t<\/div>\n\t\t\t\t<\/div>\n\t\t\t\t<div class=\"elementor-element elementor-element-e310640 elementor-widget elementor-widget-heading\" data-id=\"e310640\" data-element_type=\"widget\" data-widget_type=\"heading.default\">\n\t\t\t\t<div class=\"elementor-widget-container\">\n\t\t\t<h2 class=\"elementor-heading-title elementor-size-default\">DOWNLOAD STUD DOCS<\/h2>\t\t<\/div>\n\t\t\t\t<\/div>\n\t\t\t\t\t\t<\/div>\n\t\t\t\t\t<\/div>\n\t\t<\/div>\n\t\t\t\t\t\t\t\t<\/div>\n\t\t\t\t\t<\/div>\n\t\t<\/section>\n\t\t\t\t\t\t\t\t\t<\/div>\n\t\t\t<\/div>\n\t\t\t\t\t<\/div>\n\t\t","protected":false},"excerpt":{"rendered":"<p>C\u00e9ad M\u00edle F\u00e1ilte A hundred thousand welcomes to Rathbarry StudSituated in the depths of the rich limestone land of Co.Cork, Ireland, our stud has progressed steadilyin its 75 year history since Paul Cashman, father of Liam Cashman and grandfather of the presentPaul Cashman and Niamh Woods, stood his first stallion ROYAL POM in the 1930\u2019s. [&hellip;]<\/p>\n","protected":false},"author":1,"featured_media":0,"parent":0,"menu_order":0,"comment_status":"closed","ping_status":"closed","template":"","meta":{"footnotes":""},"class_list":["post-177","page","type-page","status-publish","hentry"],"_links":{"self":[{"href":"https:\/\/rathbarrystud.com\/index.php?rest_route=\/wp\/v2\/pages\/177","targetHints":{"allow":["GET"]}}],"collection":[{"href":"https:\/\/rathbarrystud.com\/index.php?rest_route=\/wp\/v2\/pages"}],"about":[{"href":"https:\/\/rathbarrystud.com\/index.php?rest_route=\/wp\/v2\/types\/page"}],"author":[{"embeddable":true,"href":"https:\/\/rathbarrystud.com\/index.php?rest_route=\/wp\/v2\/users\/1"}],"replies":[{"embeddable":true,"href":"https:\/\/rathbarrystud.com\/index.php?rest_route=%2Fwp%2Fv2%2Fcomments&post=177"}],"version-history":[{"count":67,"href":"https:\/\/rathbarrystud.com\/index.php?rest_route=\/wp\/v2\/pages\/177\/revisions"}],"predecessor-version":[{"id":6591,"href":"https:\/\/rathbarrystud.com\/index.php?rest_route=\/wp\/v2\/pages\/177\/revisions\/6591"}],"wp:attachment":[{"href":"https:\/\/rathbarrystud.com\/index.php?rest_route=%2Fwp%2Fv2%2Fmedia&parent=177"}],"curies":[{"name":"wp","href":"https:\/\/api.w.org\/{rel}","templated":true}]}}